{"id":2679,"date":"2025-12-02T11:52:19","date_gmt":"2025-12-02T11:52:19","guid":{"rendered":"https:\/\/tattoomesta.com\/?post_type=product&#038;p=2679"},"modified":"2026-02-20T11:21:39","modified_gmt":"2026-02-20T11:21:39","slug":"lahjakortti-e50","status":"publish","type":"product","link":"https:\/\/tattoomesta.com\/en\/product\/lahjakortti-e50\/","title":{"rendered":"\u20ac100 gift card"},"content":{"rendered":"<p>Anna yst\u00e4v\u00e4lle tai l\u00e4heiselle ainutlaatuinen lahja! Valitse sopiva arvo ja ilahduta l\u00e4heist\u00e4si mahdollisuudella k\u00e4ytt\u00e4\u00e4 lahjakorttia meid\u00e4n ammattitaitoisten tatuoijiemme palveluihin.<\/p>","protected":false},"excerpt":{"rendered":"<p>Anna yst\u00e4v\u00e4lle tai l\u00e4heiselle ainutlaatuinen lahja! Valitse sopiva arvo ja ilahduta l\u00e4heist\u00e4si mahdollisuudella k\u00e4ytt\u00e4\u00e4 lahjakorttia meid\u00e4n ammattitaitoisten tatuoijiemme palveluihin.<\/p>","protected":false},"featured_media":2575,"template":"","meta":[],"product_brand":[],"product_cat":[64],"product_tag":[],"class_list":{"0":"post-2679","1":"product","2":"type-product","3":"status-publish","4":"has-post-thumbnail","6":"product_cat-wps_wgm_giftcard","8":"first","9":"instock","10":"taxable","11":"shipping-taxable","12":"purchasable","13":"product-type-wgm_gift_card"},"jetpack_sharing_enabled":true,"_links":{"self":[{"href":"https:\/\/tattoomesta.com\/en\/wp-json\/wp\/v2\/product\/2679","targetHints":{"allow":["GET"]}}],"collection":[{"href":"https:\/\/tattoomesta.com\/en\/wp-json\/wp\/v2\/product"}],"about":[{"href":"https:\/\/tattoomesta.com\/en\/wp-json\/wp\/v2\/types\/product"}],"version-history":[{"count":9,"href":"https:\/\/tattoomesta.com\/en\/wp-json\/wp\/v2\/product\/2679\/revisions"}],"predecessor-version":[{"id":2860,"href":"https:\/\/tattoomesta.com\/en\/wp-json\/wp\/v2\/product\/2679\/revisions\/2860"}],"wp:featuredmedia":[{"embeddable":true,"href":"https:\/\/tattoomesta.com\/en\/wp-json\/wp\/v2\/media\/2575"}],"wp:attachment":[{"href":"https:\/\/tattoomesta.com\/en\/wp-json\/wp\/v2\/media?parent=2679"}],"wp:term":[{"taxonomy":"product_brand","embeddable":true,"href":"https:\/\/tattoomesta.com\/en\/wp-json\/wp\/v2\/product_brand?post=2679"},{"taxonomy":"product_cat","embeddable":true,"href":"https:\/\/tattoomesta.com\/en\/wp-json\/wp\/v2\/product_cat?post=2679"},{"taxonomy":"product_tag","embeddable":true,"href":"https:\/\/tattoomesta.com\/en\/wp-json\/wp\/v2\/product_tag?post=2679"}],"curies":[{"name":"wp","href":"https:\/\/api.w.org\/{rel}","templated":true}]}}