{"id":3,"date":"2024-10-18T20:58:32","date_gmt":"2024-10-18T20:58:32","guid":{"rendered":"https:\/\/tattoomesta.com\/?page_id=3"},"modified":"2025-12-15T13:56:56","modified_gmt":"2025-12-15T13:56:56","slug":"tietosuojaseloste","status":"publish","type":"page","link":"https:\/\/tattoomesta.com\/en\/tietosuojaseloste\/","title":{"rendered":"Privacy statement"},"content":{"rendered":"<div data-elementor-type=\"wp-page\" data-elementor-id=\"3\" class=\"elementor elementor-3\" data-elementor-post-type=\"page\">\n\t\t\t\t<div class=\"elementor-element elementor-element-10a2a2e e-flex e-con-boxed e-con e-parent\" data-id=\"10a2a2e\" data-element_type=\"container\" data-e-type=\"container\" data-settings=\"{&quot;background_background&quot;:&quot;classic&quot;}\">\n\t\t\t\t\t<div class=\"e-con-inner\">\n\t\t\t\t<div class=\"elementor-element elementor-element-7165033 elementor-widget__width-inherit elementor-widget elementor-widget-heading\" data-id=\"7165033\" data-element_type=\"widget\" data-e-type=\"widget\" data-widget_type=\"heading.default\">\n\t\t\t\t<div class=\"elementor-widget-container\">\n\t\t\t\t\t<h2 class=\"elementor-heading-title elementor-size-default\">Privacy statement<\/h2>\t\t\t\t<\/div>\n\t\t\t\t<\/div>\n\t\t\t\t\t<\/div>\n\t\t\t\t<\/div>\n\t\t<div class=\"elementor-element elementor-element-2b22682c e-flex e-con-boxed e-con e-parent\" data-id=\"2b22682c\" data-element_type=\"container\" data-e-type=\"container\">\n\t\t\t\t\t<div class=\"e-con-inner\">\n\t\t\t\t<div class=\"elementor-element elementor-element-46cf1e6c elementor-widget elementor-widget-text-editor\" data-id=\"46cf1e6c\" data-element_type=\"widget\" data-e-type=\"widget\" data-widget_type=\"text-editor.default\">\n\t\t\t\t<div class=\"elementor-widget-container\">\n\t\t\t\t\t\t\t\t\t<p data-start=\"240\" data-end=\"264\">Privacy Policy Tattoo Mesta Group Oy<\/p><p class=\"\" data-start=\"240\" data-end=\"264\"><strong data-start=\"240\" data-end=\"255\">Updated:<\/strong> 2.4.2025<\/p><h3 class=\"\" data-start=\"266\" data-end=\"289\">1. Data Controller<\/h3><p class=\"\" data-start=\"291\" data-end=\"406\">Tattoo Mesta Group Oy<\/p><p class=\"\" data-start=\"291\" data-end=\"406\">Y-tunnus: 3476037-4<br data-start=\"303\" data-end=\"306\" \/>Email <a class=\"cursor-pointer\" rel=\"noopener\" data-start=\"318\" data-end=\"338\">info@tattoomesta.com<\/a><br data-start=\"338\" data-end=\"341\" \/>Verkkosivusto: <a class=\"\" href=\"https:\/\/tattoomesta.com\/en\/\" target=\"_new\" rel=\"noopener\" data-start=\"356\" data-end=\"406\">www.tattoomesta.com<\/a><\/p><h3 class=\"\" data-start=\"408\" data-end=\"430\">2. Register name<\/h3><p class=\"\" data-start=\"432\" data-end=\"484\">Tattoo Mesta contact form customer register<\/p><h3 class=\"\" data-start=\"486\" data-end=\"538\">3. Collection and purpose of personal data<\/h3><p class=\"\" data-start=\"540\" data-end=\"702\">We collect and process information provided by the customer via the contact form when the customer is interested in a tattoo appointment or wants more information about our services.<\/p><p class=\"\" data-start=\"704\" data-end=\"722\">Information collected:<\/p><ul data-start=\"723\" data-end=\"768\"><li class=\"\" data-start=\"723\" data-end=\"731\"><p class=\"\" data-start=\"725\" data-end=\"731\">Name<\/p><\/li><li class=\"\" data-start=\"732\" data-end=\"752\"><p class=\"\" data-start=\"734\" data-end=\"752\">E-mail address<\/p><\/li><li class=\"\" data-start=\"753\" data-end=\"768\"><p class=\"\" data-start=\"755\" data-end=\"768\">Phone number<\/p><\/li><\/ul><p class=\"\" data-start=\"770\" data-end=\"973\">The information is only used to contact the customer regarding tattoo-related matters. The information will not be used for marketing without separate consent, and will not be disclosed to third parties.<\/p><h3 class=\"\" data-start=\"975\" data-end=\"999\">4. Data retention<\/h3><p class=\"\" data-start=\"1001\" data-end=\"1157\">The information is only retained for as long as is necessary to process the customer's contact and manage the customer relationship.<\/p><h3 class=\"\" data-start=\"1159\" data-end=\"1182\">5. Data protection<\/h3><p class=\"\" data-start=\"1184\" data-end=\"1367\">All information submitted via the form will be treated confidentially. The information will be stored on a secure server and will only be accessible to persons authorized by the controller.<\/p><h3 class=\"\" data-start=\"1369\" data-end=\"1398\">6. Rights of the data subject<\/h3><p class=\"\" data-start=\"1400\" data-end=\"1422\">The customer has the right:<\/p><ul data-start=\"1423\" data-end=\"1632\"><li class=\"\" data-start=\"1423\" data-end=\"1448\"><p class=\"\" data-start=\"1425\" data-end=\"1448\">Checks own information<\/p><\/li><li class=\"\" data-start=\"1449\" data-end=\"1491\"><p class=\"\" data-start=\"1451\" data-end=\"1491\">Request correction or deletion of data<\/p><\/li><li class=\"\" data-start=\"1492\" data-end=\"1539\"><p class=\"\" data-start=\"1494\" data-end=\"1539\">Object to or restrict the processing of your data<\/p><\/li><li class=\"\" data-start=\"1540\" data-end=\"1632\"><p class=\"\" data-start=\"1542\" data-end=\"1632\">File a complaint with the Data Protection Ombudsman if you feel that your data has been processed unlawfully.<\/p><\/li><\/ul><p class=\"\" data-start=\"1634\" data-end=\"1737\">All requests regarding personal data can be sent by email to: <strong data-start=\"1713\" data-end=\"1737\"><a class=\"cursor-pointer\" rel=\"noopener\" data-start=\"1715\" data-end=\"1735\">info@tattoomesta.com<\/a><\/strong><\/p>\t\t\t\t\t\t\t\t<\/div>\n\t\t\t\t<\/div>\n\t\t\t\t\t<\/div>\n\t\t\t\t<\/div>\n\t\t\t\t<\/div>","protected":false},"excerpt":{"rendered":"<p>Tietosuojaseloste Tietosuojaseloste Tattoo Mesta Group Oy P\u00e4ivitetty: 2.4.2025 1. Rekisterinpit\u00e4j\u00e4 Tattoo Mesta Group Oy Y-tunnus: 3476037-4S\u00e4hk\u00f6posti: info@tattoomesta.comVerkkosivusto: www.tattoomesta.com 2. Rekisterin nimi Tattoo Mestan yhteydenottolomakkeen asiakasrekisteri 3. Henkil\u00f6tietojen ker\u00e4\u00e4minen ja k\u00e4ytt\u00f6tarkoitus Ker\u00e4\u00e4mme ja k\u00e4sittelemme asiakkaan antamia tietoja yhteydenottolomakkeen kautta, kun asiakas on kiinnostunut tatuointiajasta tai haluaa lis\u00e4tietoa palveluistamme. Ker\u00e4tt\u00e4v\u00e4t tiedot: Nimi S\u00e4hk\u00f6postiosoite Puhelinnumero Tietoja k\u00e4ytet\u00e4\u00e4n ainoastaan yhteydenottoon asiakkaan kanssa tatuointiin liittyviss\u00e4<\/p>","protected":false},"author":1,"featured_media":0,"parent":0,"menu_order":0,"comment_status":"closed","ping_status":"closed","template":"elementor_header_footer","meta":{"footnotes":""},"class_list":["post-3","page","type-page","status-publish","hentry"],"jetpack_sharing_enabled":true,"_links":{"self":[{"href":"https:\/\/tattoomesta.com\/en\/wp-json\/wp\/v2\/pages\/3","targetHints":{"allow":["GET"]}}],"collection":[{"href":"https:\/\/tattoomesta.com\/en\/wp-json\/wp\/v2\/pages"}],"about":[{"href":"https:\/\/tattoomesta.com\/en\/wp-json\/wp\/v2\/types\/page"}],"author":[{"embeddable":true,"href":"https:\/\/tattoomesta.com\/en\/wp-json\/wp\/v2\/users\/1"}],"replies":[{"embeddable":true,"href":"https:\/\/tattoomesta.com\/en\/wp-json\/wp\/v2\/comments?post=3"}],"version-history":[{"count":83,"href":"https:\/\/tattoomesta.com\/en\/wp-json\/wp\/v2\/pages\/3\/revisions"}],"predecessor-version":[{"id":2317,"href":"https:\/\/tattoomesta.com\/en\/wp-json\/wp\/v2\/pages\/3\/revisions\/2317"}],"wp:attachment":[{"href":"https:\/\/tattoomesta.com\/en\/wp-json\/wp\/v2\/media?parent=3"}],"curies":[{"name":"wp","href":"https:\/\/api.w.org\/{rel}","templated":true}]}}