{"id":1277,"date":"2024-10-18T22:58:21","date_gmt":"2024-10-18T22:58:21","guid":{"rendered":"https:\/\/tattoomesta.com\/?page_id=1277"},"modified":"2025-08-15T23:54:50","modified_gmt":"2025-08-15T23:54:50","slug":"festaritatskat-page-5463","status":"publish","type":"page","link":"https:\/\/tattoomesta.com\/en\/festaritatskat-page-5463\/","title":{"rendered":"Flash Tatuoinnit \u2193"},"content":{"rendered":"<div data-elementor-type=\"wp-page\" data-elementor-id=\"1277\" class=\"elementor elementor-1277\" data-elementor-post-type=\"page\">\n\t\t\t\t<div class=\"elementor-element elementor-element-667486b e-flex e-con-boxed e-con e-parent\" data-id=\"667486b\" data-element_type=\"container\" data-e-type=\"container\" data-settings=\"{&quot;background_background&quot;:&quot;classic&quot;}\">\n\t\t\t\t\t<div class=\"e-con-inner\">\n\t\t\t\t<div class=\"elementor-element elementor-element-a2d847c elementor-widget__width-inherit elementor-widget elementor-widget-heading\" data-id=\"a2d847c\" data-element_type=\"widget\" data-e-type=\"widget\" data-widget_type=\"heading.default\">\n\t\t\t\t<div class=\"elementor-widget-container\">\n\t\t\t\t\t<h2 class=\"elementor-heading-title elementor-size-default\">Flash Tatuoinnit \u2193<\/h2>\t\t\t\t<\/div>\n\t\t\t\t<\/div>\n\t\t\t\t\t<\/div>\n\t\t\t\t<\/div>\n\t\t<div class=\"elementor-element elementor-element-968fe97 e-flex e-con-boxed e-con e-parent\" data-id=\"968fe97\" data-element_type=\"container\" data-e-type=\"container\">\n\t\t\t\t\t<div class=\"e-con-inner\">\n\t\t\t\t<div class=\"elementor-element elementor-element-b857bf9 elementor-arrows-position-inside elementor-widget elementor-widget-image-carousel\" data-id=\"b857bf9\" data-element_type=\"widget\" data-e-type=\"widget\" data-settings=\"{&quot;navigation&quot;:&quot;arrows&quot;,&quot;autoplay&quot;:&quot;yes&quot;,&quot;pause_on_hover&quot;:&quot;yes&quot;,&quot;pause_on_interaction&quot;:&quot;yes&quot;,&quot;autoplay_speed&quot;:5000,&quot;infinite&quot;:&quot;yes&quot;,&quot;speed&quot;:500}\" data-widget_type=\"image-carousel.default\">\n\t\t\t\t<div class=\"elementor-widget-container\">\n\t\t\t\t\t\t\t<div class=\"elementor-image-carousel-wrapper swiper\" role=\"region\" aria-roledescription=\"carousel\" aria-label=\"Image Carousel\" dir=\"ltr\">\n\t\t\t<div class=\"elementor-image-carousel swiper-wrapper\" aria-live=\"off\">\n\t\t\t\t\t\t\t\t<div class=\"swiper-slide\" role=\"group\" aria-roledescription=\"slide\" aria-label=\"1 of 22\" data-no-translation-aria-label=\"\"><figure class=\"swiper-slide-inner\"><img decoding=\"async\" class=\"swiper-slide-image\" src=\"https:\/\/tattoomesta.com\/wp-content\/uploads\/2025\/08\/1.webp\" alt=\"1\" \/><\/figure><\/div><div class=\"swiper-slide\" role=\"group\" aria-roledescription=\"slide\" aria-label=\"2 of 22\" data-no-translation-aria-label=\"\"><figure class=\"swiper-slide-inner\"><img decoding=\"async\" class=\"swiper-slide-image\" src=\"https:\/\/tattoomesta.com\/wp-content\/uploads\/2025\/08\/2.webp\" alt=\"2\" \/><\/figure><\/div><div class=\"swiper-slide\" role=\"group\" aria-roledescription=\"slide\" aria-label=\"3 of 22\" data-no-translation-aria-label=\"\"><figure class=\"swiper-slide-inner\"><img decoding=\"async\" class=\"swiper-slide-image\" src=\"https:\/\/tattoomesta.com\/wp-content\/uploads\/2025\/08\/3.webp\" alt=\"3\" \/><\/figure><\/div><div class=\"swiper-slide\" role=\"group\" aria-roledescription=\"slide\" aria-label=\"4 of 22\" data-no-translation-aria-label=\"\"><figure class=\"swiper-slide-inner\"><img decoding=\"async\" class=\"swiper-slide-image\" src=\"https:\/\/tattoomesta.com\/wp-content\/uploads\/2025\/08\/4.webp\" alt=\"4\" \/><\/figure><\/div><div class=\"swiper-slide\" role=\"group\" aria-roledescription=\"slide\" aria-label=\"5 of 22\" data-no-translation-aria-label=\"\"><figure class=\"swiper-slide-inner\"><img decoding=\"async\" class=\"swiper-slide-image\" src=\"https:\/\/tattoomesta.com\/wp-content\/uploads\/2025\/08\/5.webp\" alt=\"5\" \/><\/figure><\/div><div class=\"swiper-slide\" role=\"group\" aria-roledescription=\"slide\" aria-label=\"6 of 22\" data-no-translation-aria-label=\"\"><figure class=\"swiper-slide-inner\"><img decoding=\"async\" class=\"swiper-slide-image\" src=\"https:\/\/tattoomesta.com\/wp-content\/uploads\/2025\/08\/6.webp\" alt=\"6\" \/><\/figure><\/div><div class=\"swiper-slide\" role=\"group\" aria-roledescription=\"slide\" aria-label=\"7 of 22\" data-no-translation-aria-label=\"\"><figure class=\"swiper-slide-inner\"><img decoding=\"async\" class=\"swiper-slide-image\" src=\"https:\/\/tattoomesta.com\/wp-content\/uploads\/2025\/08\/7.webp\" alt=\"7\" \/><\/figure><\/div><div class=\"swiper-slide\" role=\"group\" aria-roledescription=\"slide\" aria-label=\"8 of 22\" data-no-translation-aria-label=\"\"><figure class=\"swiper-slide-inner\"><img decoding=\"async\" class=\"swiper-slide-image\" src=\"https:\/\/tattoomesta.com\/wp-content\/uploads\/2025\/08\/8.webp\" alt=\"8\" \/><\/figure><\/div><div class=\"swiper-slide\" role=\"group\" aria-roledescription=\"slide\" aria-label=\"9 of 22\" data-no-translation-aria-label=\"\"><figure class=\"swiper-slide-inner\"><img decoding=\"async\" class=\"swiper-slide-image\" src=\"https:\/\/tattoomesta.com\/wp-content\/uploads\/2025\/08\/9.webp\" alt=\"9\" \/><\/figure><\/div><div class=\"swiper-slide\" role=\"group\" aria-roledescription=\"slide\" aria-label=\"10 of 22\" data-no-translation-aria-label=\"\"><figure class=\"swiper-slide-inner\"><img decoding=\"async\" class=\"swiper-slide-image\" src=\"https:\/\/tattoomesta.com\/wp-content\/uploads\/2025\/08\/10.webp\" alt=\"10\" \/><\/figure><\/div><div class=\"swiper-slide\" role=\"group\" aria-roledescription=\"slide\" aria-label=\"11 of 22\" data-no-translation-aria-label=\"\"><figure class=\"swiper-slide-inner\"><img decoding=\"async\" class=\"swiper-slide-image\" src=\"https:\/\/tattoomesta.com\/wp-content\/uploads\/2025\/08\/11.webp\" alt=\"11\" \/><\/figure><\/div><div class=\"swiper-slide\" role=\"group\" aria-roledescription=\"slide\" aria-label=\"12 of 22\" data-no-translation-aria-label=\"\"><figure class=\"swiper-slide-inner\"><img decoding=\"async\" class=\"swiper-slide-image\" src=\"https:\/\/tattoomesta.com\/wp-content\/uploads\/2025\/08\/12.webp\" alt=\"12\" \/><\/figure><\/div><div class=\"swiper-slide\" role=\"group\" aria-roledescription=\"slide\" aria-label=\"13 of 22\" data-no-translation-aria-label=\"\"><figure class=\"swiper-slide-inner\"><img decoding=\"async\" class=\"swiper-slide-image\" src=\"https:\/\/tattoomesta.com\/wp-content\/uploads\/2025\/08\/13.webp\" alt=\"13\" \/><\/figure><\/div><div class=\"swiper-slide\" role=\"group\" aria-roledescription=\"slide\" aria-label=\"14 of 22\" data-no-translation-aria-label=\"\"><figure class=\"swiper-slide-inner\"><img decoding=\"async\" class=\"swiper-slide-image\" src=\"https:\/\/tattoomesta.com\/wp-content\/uploads\/2025\/08\/14.webp\" alt=\"14\" \/><\/figure><\/div><div class=\"swiper-slide\" role=\"group\" aria-roledescription=\"slide\" aria-label=\"15 of 22\" data-no-translation-aria-label=\"\"><figure class=\"swiper-slide-inner\"><img decoding=\"async\" class=\"swiper-slide-image\" src=\"https:\/\/tattoomesta.com\/wp-content\/uploads\/2025\/08\/15.webp\" alt=\"15\" \/><\/figure><\/div><div class=\"swiper-slide\" role=\"group\" aria-roledescription=\"slide\" aria-label=\"16 of 22\" data-no-translation-aria-label=\"\"><figure class=\"swiper-slide-inner\"><img decoding=\"async\" class=\"swiper-slide-image\" src=\"https:\/\/tattoomesta.com\/wp-content\/uploads\/2025\/08\/16.webp\" alt=\"16\" \/><\/figure><\/div><div class=\"swiper-slide\" role=\"group\" aria-roledescription=\"slide\" aria-label=\"17 of 22\" data-no-translation-aria-label=\"\"><figure class=\"swiper-slide-inner\"><img decoding=\"async\" class=\"swiper-slide-image\" src=\"https:\/\/tattoomesta.com\/wp-content\/uploads\/2025\/08\/17.webp\" alt=\"17\" \/><\/figure><\/div><div class=\"swiper-slide\" role=\"group\" aria-roledescription=\"slide\" aria-label=\"18 of 22\" data-no-translation-aria-label=\"\"><figure class=\"swiper-slide-inner\"><img decoding=\"async\" class=\"swiper-slide-image\" src=\"https:\/\/tattoomesta.com\/wp-content\/uploads\/2025\/08\/18.webp\" alt=\"18\" \/><\/figure><\/div><div class=\"swiper-slide\" role=\"group\" aria-roledescription=\"slide\" aria-label=\"19 of 22\" data-no-translation-aria-label=\"\"><figure class=\"swiper-slide-inner\"><img decoding=\"async\" class=\"swiper-slide-image\" src=\"https:\/\/tattoomesta.com\/wp-content\/uploads\/2025\/08\/19.webp\" alt=\"19\" \/><\/figure><\/div><div class=\"swiper-slide\" role=\"group\" aria-roledescription=\"slide\" aria-label=\"20 of 22\" data-no-translation-aria-label=\"\"><figure class=\"swiper-slide-inner\"><img decoding=\"async\" class=\"swiper-slide-image\" src=\"https:\/\/tattoomesta.com\/wp-content\/uploads\/2025\/08\/20.webp\" alt=\"20\" \/><\/figure><\/div><div class=\"swiper-slide\" role=\"group\" aria-roledescription=\"slide\" aria-label=\"21 of 22\" data-no-translation-aria-label=\"\"><figure class=\"swiper-slide-inner\"><img decoding=\"async\" class=\"swiper-slide-image\" src=\"https:\/\/tattoomesta.com\/wp-content\/uploads\/2025\/08\/21.webp\" alt=\"21\" \/><\/figure><\/div><div class=\"swiper-slide\" role=\"group\" aria-roledescription=\"slide\" aria-label=\"22 of 22\" data-no-translation-aria-label=\"\"><figure class=\"swiper-slide-inner\"><img decoding=\"async\" class=\"swiper-slide-image\" src=\"https:\/\/tattoomesta.com\/wp-content\/uploads\/2025\/08\/22.webp\" alt=\"22\" \/><\/figure><\/div>\t\t\t<\/div>\n\t\t\t\t\t\t\t\t\t\t\t\t<div class=\"elementor-swiper-button elementor-swiper-button-prev\" role=\"button\" tabindex=\"0\">\n\t\t\t\t\t\t<svg aria-hidden=\"true\" class=\"e-font-icon-svg e-eicon-chevron-left\" viewbox=\"0 0 1000 1000\" xmlns=\"http:\/\/www.w3.org\/2000\/svg\"><path d=\"M646 125C629 125 613 133 604 142L308 442C296 454 292 471 292 487 292 504 296 521 308 533L604 854C617 867 629 875 646 875 663 875 679 871 692 858 704 846 713 829 713 812 713 796 708 779 692 767L438 487 692 225C700 217 708 204 708 187 708 171 704 154 692 142 675 129 663 125 646 125Z\"><\/path><\/svg>\t\t\t\t\t<\/div>\n\t\t\t\t\t<div class=\"elementor-swiper-button elementor-swiper-button-next\" role=\"button\" tabindex=\"0\">\n\t\t\t\t\t\t<svg aria-hidden=\"true\" class=\"e-font-icon-svg e-eicon-chevron-right\" viewbox=\"0 0 1000 1000\" xmlns=\"http:\/\/www.w3.org\/2000\/svg\"><path d=\"M696 533C708 521 713 504 713 487 713 471 708 454 696 446L400 146C388 133 375 125 354 125 338 125 325 129 313 142 300 154 292 171 292 187 292 204 296 221 308 233L563 492 304 771C292 783 288 800 288 817 288 833 296 850 308 863 321 871 338 875 354 875 371 875 388 867 400 854L696 533Z\"><\/path><\/svg>\t\t\t\t\t<\/div>\n\t\t\t\t\n\t\t\t\t\t\t\t\t\t<\/div>\n\t\t\t\t\t\t<\/div>\n\t\t\t\t<\/div>\n\t\t\t\t\t<\/div>\n\t\t\t\t<\/div>\n\t\t<div class=\"elementor-element elementor-element-8ab4932 e-flex e-con-boxed e-con e-parent\" data-id=\"8ab4932\" data-element_type=\"container\" data-e-type=\"container\">\n\t\t\t\t\t<div class=\"e-con-inner\">\n\t\t\t\t<div class=\"elementor-element elementor-element-a9e1d1a elementor-widget elementor-widget-text-editor\" data-id=\"a9e1d1a\" data-element_type=\"widget\" data-e-type=\"widget\" data-widget_type=\"text-editor.default\">\n\t\t\t\t<div class=\"elementor-widget-container\">\n\t\t\t\t\t\t\t\t\t<h3 data-start=\"625\" data-end=\"674\">Usein kysytyt kysymykset festaritatuoinneista<\/h3><p data-start=\"110\" data-end=\"154\"><strong data-start=\"114\" data-end=\"154\">Voinko ottaa tatuoinnin festareilla?<\/strong><\/p><p data-start=\"156\" data-end=\"393\">Kyll\u00e4 voit! Tatuoinnin ottaminen festareilla on t\u00e4ysin turvallista, kunhan se tehd\u00e4\u00e4n ammattimaisissa olosuhteissa. Meill\u00e4 festareilla toimivat kokeneet artistit, jotka noudattavat samoja tiukkoja hygieniastandardeja kuin studiossakin.<\/p><p data-start=\"395\" data-end=\"693\">K\u00e4yt\u00e4mme puhtaita v\u00e4lineit\u00e4, kertak\u00e4ytt\u00f6isi\u00e4 suojamateriaaleja ja huolehdimme ihon puhdistuksesta sek\u00e4 oikeaoppisesta j\u00e4lkihoito-ohjeistuksesta. Festaritatuoinnit ovat usein pieni\u00e4 ja nopeasti teht\u00e4vi\u00e4 malleja, jotka soveltuvat hyvin my\u00f6s spontaaniin tilanteeseen \u2013 kuitenkin aina vastuullisesti.<\/p><p data-start=\"695\" data-end=\"849\">Monelle asiakkaalle festaritatuointi on unohtumaton muisto hyv\u00e4st\u00e4 fiiliksest\u00e4, merkityksellisest\u00e4 hetkest\u00e4 tai yhteisest\u00e4 kokemuksesta yst\u00e4vien kanssa.<\/p><p data-start=\"851\" data-end=\"974\">Jos sinulla on kysytt\u00e4v\u00e4\u00e4, voit aina kysy\u00e4 lis\u00e4\u00e4 artistilta ennen tatuointia \u2013 saat my\u00f6s tarkat ohjeet j\u00e4lkihoitoon mukaan.<\/p><p class=\"\" data-start=\"938\" data-end=\"1212\"><strong data-start=\"938\" data-end=\"996\">Sattuuko tatuointi enemm\u00e4n festareilla kuin studiolla?<\/strong><br data-start=\"996\" data-end=\"999\" \/>Ei. K\u00e4yt\u00e4mme samoja laitteita, neuloja ja hygieniastandardeja kuin studiollakin. Ainoa ero on tunnelma \u2013 festariteltalla soi musiikki, ymp\u00e4rill\u00e4 on iloa ja energiaa, mik\u00e4 tekee kokemuksesta kevyemm\u00e4n ja rennomman.<\/p><p class=\"\" data-start=\"1214\" data-end=\"1500\"><strong data-start=\"1214\" data-end=\"1270\">Ent\u00e4 jos iho hikoilee tai on auringossa koko p\u00e4iv\u00e4n?<\/strong><br data-start=\"1270\" data-end=\"1273\" \/>Saat meilt\u00e4 mukaan kirjalliset <strong data-start=\"1304\" data-end=\"1331\">tatuoinnin hoito-ohjeet<\/strong>, ja suojaamme uuden tatuointisi antibakteerisella suojakalvolla, joka kest\u00e4\u00e4 hyvin festariolosuhteet. Meilt\u00e4 voit aina tulla my\u00f6s pyyt\u00e4m\u00e4\u00e4n uuden suojan, jos se irtoaa.<\/p><p class=\"\" data-start=\"1502\" data-end=\"1736\"><strong data-start=\"1502\" data-end=\"1543\">Voinko varata tietyn kuvan etuk\u00e4teen?<\/strong><br data-start=\"1543\" data-end=\"1546\" \/>Useimmat flash-mallit ovat saatavilla walk-in-periaatteella, mutta jos tied\u00e4t jo valmiiksi mit\u00e4 haluat, voit vinkata siit\u00e4 meille etuk\u00e4teen vaikka Instagramin kautta \u2013 niin osaamme varautua!<\/p><p data-start=\"231\" data-end=\"679\"><strong data-start=\"231\" data-end=\"295\">Flash tatuoinnit ovat t\u00e4ydellinen valinta festaritunnelmaan.<\/strong> Ne ovat valmiiksi suunniteltuja, nopeita toteuttaa ja juuri sopivan kokoisia otettavaksi vauhdikkaan p\u00e4iv\u00e4n tai y\u00f6n keskell\u00e4. Tattoo Mestan flash-katalogista l\u00f6yd\u00e4t <strong data-start=\"461\" data-end=\"534\">laajan valikoiman yksinkertaisia, hauskoja ja tyylikk\u00e4it\u00e4 tatuointeja<\/strong>, jotka sopivat t\u00e4ydellisesti juhlav\u00e4en tyyliin \u2013 olitpa sitten ottamassa ensimm\u00e4ist\u00e4 tatuointiasi tai haluamassa uuden pienen lis\u00e4n kokoelmaasi.<\/p><h3 data-start=\"681\" data-end=\"712\">Mit\u00e4 ovat flash tatuoinnit?<\/h3><p data-start=\"714\" data-end=\"986\">Flash tatuointi tarkoittaa valmiiksi suunniteltua tatuointimallia, jonka voit valita suoraan katalogista ilman omaa suunnitteluty\u00f6t\u00e4. Se on nopea, helppo ja edullinen tapa hankkia laadukas tatuointi, joka n\u00e4ytt\u00e4\u00e4 hyv\u00e4lt\u00e4 \u2013 ja jonka saat tehty\u00e4 vaikka kesken festarip\u00e4iv\u00e4n.<\/p><p data-start=\"988\" data-end=\"1243\">Meid\u00e4n flash-mallit on suunniteltu juuri festarit mieless\u00e4 pit\u00e4en: niiss\u00e4 yhdistyv\u00e4t <strong data-start=\"1073\" data-end=\"1134\">visuaalisuus, huumori, symboliikka ja pieni kapinallisuus<\/strong>. Tyyli vaihtelee s\u00f6p\u00f6ist\u00e4 minimalistisista kuvista rock-henkisiin symboleihin tai kekseli\u00e4isiin sanontoihin.<\/p><h3 data-start=\"1245\" data-end=\"1300\">Miksi flash tatuointi festareilla on loistava idea?<\/h3><ul data-start=\"1302\" data-end=\"1760\"><li data-start=\"1302\" data-end=\"1448\"><p data-start=\"1304\" data-end=\"1448\">\ud83c\udf89 <strong data-start=\"1307\" data-end=\"1328\">Fiilikseen sopiva<\/strong> \u2013 ota tatuointi, joka kuvastaa juuri sit\u00e4 hetke\u00e4, artistia tai porukkaa, jonka kanssa koet unohtumattoman viikonlopun<\/p><\/li><li data-start=\"1449\" data-end=\"1550\"><p data-start=\"1451\" data-end=\"1550\">\u26a1\ufe0f <strong data-start=\"1454\" data-end=\"1473\">Nopea ja helppo<\/strong> \u2013 valitset kuvan, ja tatuointi tehd\u00e4\u00e4n paikan p\u00e4\u00e4ll\u00e4 noin 15\u201330 minuutissa<\/p><\/li><li data-start=\"1551\" data-end=\"1636\"><p data-start=\"1553\" data-end=\"1636\">\ud83d\udcb8 <strong data-start=\"1556\" data-end=\"1569\">Edullinen<\/strong> \u2013 koska kuva on valmiina, et maksa ylim\u00e4\u00e4r\u00e4isest\u00e4 suunnittelusta<\/p><\/li><li data-start=\"1637\" data-end=\"1760\"><p data-start=\"1639\" data-end=\"1760\">\ud83d\udd25 <strong data-start=\"1642\" data-end=\"1669\">Suora yhteys muistoihin<\/strong> \u2013 tatuointi ei ole vain kuva iholla \u2013 se on osa tarinaa, jonka kerrot viel\u00e4 vuosien p\u00e4\u00e4st\u00e4<\/p><\/li><\/ul><h3 data-start=\"1762\" data-end=\"1785\">Miten homma toimii?<\/h3><ol data-start=\"1787\" data-end=\"2185\"><li data-start=\"1787\" data-end=\"1904\"><p data-start=\"1790\" data-end=\"1904\"><strong data-start=\"1790\" data-end=\"1829\">Selaa flash-katalogia paikan p\u00e4\u00e4ll\u00e4<\/strong> \u2013 l\u00f6yd\u00e4t sen meid\u00e4n teltasta, heti sis\u00e4\u00e4nk\u00e4ynnill\u00e4 tai suunnittelup\u00f6ydilt\u00e4<\/p><\/li><li data-start=\"1905\" data-end=\"1976\"><p data-start=\"1908\" data-end=\"1976\"><strong data-start=\"1908\" data-end=\"1932\">Valitse kuva ja alue<\/strong> \u2013 me opastamme ja autamme, jos et ole varma<\/p><\/li><li data-start=\"1977\" data-end=\"2030\"><p data-start=\"1980\" data-end=\"2030\"><strong data-start=\"1980\" data-end=\"2030\">Maksa ja siirry odottelemaan tatuointivuoroasi<\/strong><\/p><\/li><li data-start=\"2031\" data-end=\"2102\"><p data-start=\"2034\" data-end=\"2102\"><strong data-start=\"2034\" data-end=\"2102\">Tatuointi tehd\u00e4\u00e4n nopeasti, turvallisesti ja hyv\u00e4ll\u00e4 fiiliksell\u00e4<\/strong><\/p><\/li><li data-start=\"2103\" data-end=\"2185\"><p data-start=\"2106\" data-end=\"2185\"><strong data-start=\"2106\" data-end=\"2185\">Saat hoito-ohjeet ja voit l\u00e4hte\u00e4 juhlimaan \u2013 ja viel\u00e4p\u00e4 onnenpy\u00f6r\u00e4n kautta!<\/strong><\/p><\/li><\/ol><h3 data-start=\"2187\" data-end=\"2220\">N\u00e4e mallit \u2013 valitse suosikki<\/h3><p data-start=\"2222\" data-end=\"2415\">T\u00e4lt\u00e4 sivulta l\u00f6yd\u00e4t meid\u00e4n <strong data-start=\"2250\" data-end=\"2279\">festariflashien katalogin<\/strong>, joka p\u00e4ivittyy tapahtumasta toiseen. Osa kuvista on <strong data-start=\"2333\" data-end=\"2374\">rajattuja vain tiettyihin festareihin<\/strong>, osa taas kulkee mukana koko kes\u00e4n ajan.<\/p><p data-start=\"2417\" data-end=\"2448\">Tatuointien aiheet vaihtelevat:<\/p><ul data-start=\"2449\" data-end=\"2575\"><li data-start=\"2449\" data-end=\"2484\"><p data-start=\"2451\" data-end=\"2484\">pienist\u00e4 syd\u00e4mist\u00e4 ja symboleista<\/p><\/li><li data-start=\"2485\" data-end=\"2516\"><p data-start=\"2487\" data-end=\"2516\">musiikki- ja artistiteemoihin<\/p><\/li><li data-start=\"2517\" data-end=\"2555\"><p data-start=\"2519\" data-end=\"2555\">huumorilla varustettuihin teksteihin<\/p><\/li><li data-start=\"2556\" data-end=\"2575\"><p data-start=\"2558\" data-end=\"2575\">ja paljon muuhun!<\/p><\/li><\/ul><p data-start=\"2577\" data-end=\"2728\">Kaikki mallit ovat ammattilaistemme suunnittelemia ja toteutetaan <strong data-start=\"2643\" data-end=\"2702\">hyv\u00e4ksytyill\u00e4 tarvikkeilla ja steriileiss\u00e4 olosuhteissa<\/strong>, ihan kuten studiollakin.<\/p><h3 data-start=\"2730\" data-end=\"2768\">Muistoksi hetkest\u00e4, joka ei unohdu<\/h3><p data-start=\"2770\" data-end=\"2972\">Flash-tatuointi on paljon enemm\u00e4n kuin nopea kuva \u2013 se on <strong data-start=\"2828\" data-end=\"2857\">hetki ikuistettuna iholle<\/strong>. Se voi symboloida yst\u00e4vyytt\u00e4, rakkautta, vapautta tai sit\u00e4 yht\u00e4 keikkaa, jonka aikana kaikki loksahti kohdalleen.<\/p><p data-start=\"2974\" data-end=\"3048\">Jos olet joskus sanonut \u201dm\u00e4 otan festareilla tatskan\u201d, nyt on oikea hetki.<\/p><p data-start=\"3050\" data-end=\"3182\">Tule valitsemaan omasi ja tee t\u00e4st\u00e4 kes\u00e4st\u00e4 entist\u00e4 pysyv\u00e4mpi.<br data-start=\"3112\" data-end=\"3115\" \/><strong data-start=\"3115\" data-end=\"3182\">Tutustu meid\u00e4n flash-malleihin\u00a0 ja n\u00e4hd\u00e4\u00e4n Tattoo Mestan teltalla!<\/strong><\/p><h3 class=\"\" data-start=\"2765\" data-end=\"2788\">Olemme Tattoo Mesta<\/h3><p class=\"\" data-start=\"2790\" data-end=\"3203\">Olemme <strong data-start=\"2797\" data-end=\"2813\">Tattoo Mesta<\/strong>, tamperelainen tatuointistudio, joka toimii kes\u00e4isin my\u00f6s <strong data-start=\"2872\" data-end=\"2904\">kiert\u00e4v\u00e4n\u00e4 festarikonseptina<\/strong>. Kiertueellamme toteutetaan korkeatasoisia flash-tatuointeja <strong data-start=\"2966\" data-end=\"3001\">festarik\u00e4vij\u00f6ille ymp\u00e4ri Suomen<\/strong> \u2013 ja t\u00e4n\u00e4 kes\u00e4n\u00e4 olemme mukana <strong data-start=\"3033\" data-end=\"3056\">15 eri tapahtumassa<\/strong>. Toimimme nopeasti, turvallisesti ja hyv\u00e4ll\u00e4 fiiliksell\u00e4. Meid\u00e4n teltalla yhdistyy rento tunnelma, visuaalisuus ja ammattimainen tatuointikokemus.<\/p><p class=\"\" data-start=\"3205\" data-end=\"3529\">Flash-tatuoinnit ovat olennainen osa meid\u00e4n festarikonseptia, ja niiden avulla pystymme tarjoamaan <strong data-start=\"3304\" data-end=\"3348\">nopean, laadukkaan ja muistettavan tavan<\/strong> napata tatuointi keskell\u00e4 festarip\u00e4iv\u00e4\u00e4. Meilt\u00e4 on saatavilla <strong data-start=\"3411\" data-end=\"3447\">walk-in-tyylisesti flash-malleja<\/strong>, eik\u00e4 ajanvarausta tarvita \u2013 riitt\u00e4\u00e4 ett\u00e4 saavut teltalle ja valitset suosikkisi.<\/p><p data-start=\"3050\" data-end=\"3182\"><strong data-start=\"3115\" data-end=\"3182\">\u00a0<\/strong><\/p>\t\t\t\t\t\t\t\t<\/div>\n\t\t\t\t<\/div>\n\t\t\t\t\t<\/div>\n\t\t\t\t<\/div>\n\t\t\t\t<\/div>","protected":false},"excerpt":{"rendered":"<p>Flash Tatuoinnit \u2193 Usein kysytyt kysymykset festaritatuoinneista Voinko ottaa tatuoinnin festareilla? Kyll\u00e4 voit! Tatuoinnin ottaminen festareilla on t\u00e4ysin turvallista, kunhan se tehd\u00e4\u00e4n ammattimaisissa olosuhteissa. Meill\u00e4 festareilla toimivat kokeneet artistit, jotka noudattavat samoja tiukkoja hygieniastandardeja kuin studiossakin. K\u00e4yt\u00e4mme puhtaita v\u00e4lineit\u00e4, kertak\u00e4ytt\u00f6isi\u00e4 suojamateriaaleja ja huolehdimme ihon puhdistuksesta sek\u00e4 oikeaoppisesta j\u00e4lkihoito-ohjeistuksesta. Festaritatuoinnit ovat usein pieni\u00e4 ja nopeasti teht\u00e4vi\u00e4 malleja, jotka soveltuvat hyvin my\u00f6s<\/p>","protected":false},"author":1,"featured_media":0,"parent":0,"menu_order":0,"comment_status":"closed","ping_status":"closed","template":"elementor_canvas","meta":{"footnotes":""},"class_list":["post-1277","page","type-page","status-publish","hentry"],"jetpack_sharing_enabled":true,"_links":{"self":[{"href":"https:\/\/tattoomesta.com\/en\/wp-json\/wp\/v2\/pages\/1277","targetHints":{"allow":["GET"]}}],"collection":[{"href":"https:\/\/tattoomesta.com\/en\/wp-json\/wp\/v2\/pages"}],"about":[{"href":"https:\/\/tattoomesta.com\/en\/wp-json\/wp\/v2\/types\/page"}],"author":[{"embeddable":true,"href":"https:\/\/tattoomesta.com\/en\/wp-json\/wp\/v2\/users\/1"}],"replies":[{"embeddable":true,"href":"https:\/\/tattoomesta.com\/en\/wp-json\/wp\/v2\/comments?post=1277"}],"version-history":[{"count":171,"href":"https:\/\/tattoomesta.com\/en\/wp-json\/wp\/v2\/pages\/1277\/revisions"}],"predecessor-version":[{"id":2186,"href":"https:\/\/tattoomesta.com\/en\/wp-json\/wp\/v2\/pages\/1277\/revisions\/2186"}],"wp:attachment":[{"href":"https:\/\/tattoomesta.com\/en\/wp-json\/wp\/v2\/media?parent=1277"}],"curies":[{"name":"wp","href":"https:\/\/api.w.org\/{rel}","templated":true}]}}